{"id":224,"date":"2023-04-28T10:05:27","date_gmt":"2023-04-28T08:05:27","guid":{"rendered":"http:\/\/www.ordinacepraktickylekar.cz.uvirt55.active24.cz\/?page_id=224"},"modified":"2026-04-21T15:26:41","modified_gmt":"2026-04-21T13:26:41","slug":"uvod","status":"publish","type":"page","link":"https:\/\/www.ordinacepraktickylekar.cz\/","title":{"rendered":"\u00davod"},"content":{"rendered":"\n<p class=\"has-medium-font-size\"><span class=\"has-inline-color has-vivid-cyan-blue-color\"><strong>PROVOZN\u00cd ZM\u011aNY &#8211; duben 2026:<\/strong><\/span><br>&#8211; aktu\u00e1ln\u011b nejsou v pl\u00e1nu \u017e\u00e1dn\u00e9 zm\u011bny !<\/p>\n\n\n\n<p class=\"has-medium-font-size\"><strong>UPOZORN\u011aN\u00cd &#8211; PROSBA<\/strong>:<br>V\u00e1\u017een\u00ed pacienti, pros\u00edme V\u00e1s, abyste v dob\u011b od 7:00 do 8:00 <strong><span class=\"has-inline-color has-vivid-red-color\">NEVOLALI<\/span><\/strong> do ordinace ani na pevnou telefonn\u00ed linku, ani na mobiln\u00ed \u010d\u00edslo. V t\u00e9to dob\u011b prov\u00e1d\u00edme odb\u011bry a nezbytn\u00e9 dal\u0161\u00ed administrativn\u00ed \u00fakony a <strong>OPRAVDU<\/strong> nem\u00e1me \u010das zvedat telefony a vy\u0159izovat hovory. Pro kontakt s ordinac\u00ed p\u0159ednostn\u011b pou\u017e\u00edvejte aplikaci <a rel=\"noreferrer noopener\" href=\"https:\/\/moje.sestraemmy.cz\/-\/braierova\" target=\"_blank\"><strong>sestra Emmy<\/strong><\/a>. V\u00e1\u0161 po\u017eadavek dok\u00e1\u017eeme vy\u0159\u00eddit bez telefonov\u00e1n\u00ed. D\u011bkujeme za pochopen\u00ed. Person\u00e1l ordinace<\/p>\n\n\n\n<p class=\"has-medium-font-size\"><strong><span class=\"has-inline-color has-vivid-cyan-blue-color\">INFORMACE &#8211; O\u010cKOV\u00c1N\u00cd PROTI CH\u0158IPCE aj.<\/span><\/strong><br>V\u00e1\u017een\u00ed pacienti, d\u011bkujeme za V\u00e1\u0161 velk\u00fd z\u00e1jem o <strong><span class=\"has-inline-color has-very-dark-gray-color\">o\u010dkov\u00e1n\u00ed <\/span><\/strong>proti ch\u0159ipce. Aktu\u00e1ln\u011b m\u00e1me t\u00e9m\u011b\u0159 v\u0161echny vakc\u00edny <span class=\"has-inline-color has-vivid-red-color\"><strong>ROZEBRAN\u00c9,<\/strong><\/span> bu\u010f ji\u017e aplikovan\u00e9 nebo rezervovan\u00e9 pro konkr\u00e9tn\u00ed pacienty. Pokud <span class=\"has-inline-color has-vivid-red-color\"><strong>UVA\u017dUJETE<\/strong><\/span> o o\u010dkov\u00e1n\u00ed na ch\u0159ipku a je\u0161t\u011b jste n\u00e1m sv\u016fj z\u00e1jem nenahl\u00e1sili, ud\u011blejte to, co <strong>NEJD\u0158\u00cdVE<\/strong>. Vakc\u00edny lze doobjednat, ale ji\u017e <strong><span class=\"has-inline-color has-vivid-red-color\">NEN\u00cd<\/span><\/strong> k dispozici u dodavatele vakc\u00edna <strong>Influvac<\/strong>, je <strong>omezen\u00e1<\/strong> dostupnost vakc\u00edny <strong>Vaxigrip<\/strong> od jin\u00e9ho v\u00fdrobce. Je st\u00e1le dobr\u00e1 dostupnost vakc\u00edny <strong>Efluelda<\/strong>, kter\u00e1 je ur\u010den\u00e1 star\u0161\u00edm 60 let. Pacienti s v\u00fdznamn\u00fdmi zdravotn\u00edmi riziky maj\u00ed o\u010dkov\u00e1n\u00ed <strong>zdarma<\/strong>, d\u00e1le je hrazeno pacient\u016fm <strong>od 65 let<\/strong>. Pro samopl\u00e1tce je cena vakc\u00edny Influvac nebo Vaxigrip <strong><span class=\"has-inline-color has-vivid-red-color\">700 K\u010d<\/span><\/strong>. Nyn\u00ed ji\u017e nebudeme objedn\u00e1vat vakc\u00edny na sklad, ale pouze pro jednotliv\u00e9 konkr\u00e9tn\u00ed z\u00e1jemce. St\u00e1le o\u010dkujeme proti Covid 19 i pneumokov\u00fdm z\u00e1pal\u016fm plic. Bli\u017e\u0161\u00ed informace v ordinaci. D\u011bkujeme.<\/p>\n\n\n\n<p class=\"has-medium-font-size\"><strong><span class=\"has-inline-color has-vivid-cyan-blue-color\">INFORMACE &#8211; O\u010cKOV\u00c1N\u00cd PROTI \u017dLOUTENCE typu A<\/span><\/strong><br>V\u00e1\u017een\u00ed pacienti, z d\u016fvodu nep\u0159\u00edzniv\u00e9 epidemiologick\u00e9 situace a zv\u00fd\u0161en\u00e9ho v\u00fdskytu <strong><span class=\"has-inline-color has-vivid-red-color\">\u017dLOUTENKY<\/span><\/strong> typu <strong><span class=\"has-inline-color has-vivid-red-color\">A<\/span><\/strong> v \u010cR evidujeme <strong>zv\u00fd\u0161en\u00fd <\/strong>z\u00e1jem o o\u010dkov\u00e1n\u00ed proti tomuto typu \u017eloutenky. Vzhledem k vysok\u00e9mu z\u00e1jmu o o\u010dkov\u00e1n\u00ed v cel\u00e9 \u010cR je dostupnost vakc\u00edn <strong>omezen\u00e1<\/strong>. Pokud uva\u017eujete o o\u010dkov\u00e1n\u00ed, dejte n\u00e1m v\u011bd\u011bt, a\u0165 V\u00e1m Va\u0161i vakc\u00ednu m\u016f\u017eeme objednat. <strong>Vakc\u00edny<\/strong> na \u017eloutenku typu A b\u011b\u017en\u011b <strong>nenakupujeme<\/strong> do skladov\u00fdch z\u00e1sob, ale <strong>objedn\u00e1v\u00e1me<\/strong> z\u00e1jemc\u016fm individu\u00e1ln\u011b. V\u00edce informac\u00ed o onemocn\u011bn\u00ed \u017eloutenkou <strong>ZDE<\/strong>:<br><a rel=\"noreferrer noopener\" href=\"https:\/\/www.nzip.cz\/clanek\/49-zloutenka-hepatitida-typu-a\" target=\"_blank\">www.nzip.cz<\/a><\/p>\n\n\n\n<p class=\"has-medium-font-size\"><strong><span class=\"has-inline-color has-vivid-red-color\">RESPIR\u00c1TORY A ROU\u0160KY&nbsp;!!!<\/span><\/strong> <br>V\u00e1\u017een\u00ed pacienti, <strong>D\u016eRAZN\u011a<\/strong> V\u00e1s pros\u00edme, abyste v z\u00e1jmu sv\u00e9m a s ohledem na ostatn\u00ed pacienty a person\u00e1l ordinace zv\u00e1\u017eili p\u0159ed vstupem do budovy SVED a prostor ordinace pou\u017eit\u00ed <strong>RESPIR\u00c1TORU<\/strong> p\u0159\u00edp. <strong>\u00daSTN\u00cd ROU\u0160KY<\/strong>. <\/p>\n\n\n<div class=\"wp-block-image is-style-rounded\">\n<figure class=\"aligncenter size-large\"><img loading=\"lazy\" decoding=\"async\" width=\"600\" height=\"400\" src=\"http:\/\/www.ordinacepraktickylekar.cz\/wp-content\/uploads\/2016\/09\/520fcc12112e61399cfb0500.jpg\" alt=\"\" class=\"wp-image-8\" srcset=\"https:\/\/www.ordinacepraktickylekar.cz\/wp-content\/uploads\/2016\/09\/520fcc12112e61399cfb0500.jpg 600w, https:\/\/www.ordinacepraktickylekar.cz\/wp-content\/uploads\/2016\/09\/520fcc12112e61399cfb0500-300x200.jpg 300w\" sizes=\"auto, (max-width: 600px) 100vw, 600px\" \/><figcaption class=\"wp-element-caption\"><strong>Practivera s.r.o., Budova SVED &#8211; p\u0159\u00edzem\u00ed, Liberec X &#8211; Franti\u0161kov<\/strong><\/figcaption><\/figure>\n<\/div>\n\n\n<p class=\"has-medium-font-size\"><strong><span class=\"has-inline-color has-vivid-cyan-blue-color\">OBJEDN\u00c1V\u00c1N\u00cd &#8211; aplikace sestraEmmy!<\/span><\/strong><br>V\u00e1\u017een\u00ed pacienti, z provozn\u00edch d\u016fvod\u016f je nutn\u00e9 se na ve\u0161ker\u00e1 vy\u0161et\u0159en\u00ed p\u0159edem <strong><span class=\"has-inline-color has-vivid-cyan-blue-color\">objednat<\/span><\/strong>. Up\u0159ednost\u0148ujeme <strong><span class=\"has-inline-color has-vivid-cyan-blue-color\">objedn\u00e1v\u00e1n\u00ed<\/span><\/strong> prost\u0159ednictv\u00edm webov\u00e9 aplikace <strong><span class=\"has-inline-color has-vivid-cyan-blue-color\"><a href=\"https:\/\/moje.sestraemmy.cz\/-\/braierova\" target=\"_blank\" rel=\"noreferrer noopener\">sestra Emmy<\/a><\/span><\/strong>. Pr\u00e1ce s aplikac\u00ed je jednoduch\u00e1, podobn\u011b jako pr\u00e1ce s emailem. V p\u0159\u00edpad\u011b, \u017ee je v\u00e1\u0161 stav akutn\u00ed a v Emmy nen\u00ed vyhovuj\u00edc\u00ed term\u00edn k dispozici, ode\u0161lete pouze zpr\u00e1vu s popisem obt\u00ed\u017e\u00ed a my se v\u00e1m ozveme. V\u00e1mi zadan\u00e9 po\u017eadavky v pr\u016fb\u011bhu dne zpracov\u00e1v\u00e1, \u010dte a odpov\u00edd\u00e1 na n\u011b \u017eiv\u00fd \u010dlov\u011bk, \u017e\u00e1dn\u00fd robot \ud83d\ude42<\/p>\n\n\n\n<h4 class=\"wp-block-heading has-text-align-center\">* * * * * * * * * * * * * * * * * * * * * * * * * * * * * * * * * * * * * * <\/h4>\n\n\n\n<h2 class=\"wp-block-heading has-text-align-center has-vivid-cyan-blue-color has-text-color\">Komunika\u010dn\u00ed n\u00e1stroj &#8211; webov\u00e1 aplikace<\/h2>\n\n\n\n<p class=\"has-text-align-center has-medium-font-size\"><a rel=\"noreferrer noopener\" href=\"https:\/\/moje.sestraemmy.cz\/-\/braierova\" target=\"_blank\"><strong><em>Sestra Emmy &#8211; MUDr. Veronika BRAIEROV\u00c1<\/em><\/strong><\/a> &#8211; webov\u00fd odkaz<\/p>\n\n\n\n<h4 class=\"wp-block-heading has-text-align-center\">* * * * * * * * * * * * * * * * * * * * * * * * * * * * * * * * * * * * * *<\/h4>\n\n\n\n<h2 class=\"wp-block-heading has-text-align-center has-vivid-cyan-blue-color has-text-color\">Aktuality &#8211; provozn\u00ed zm\u011bny duben 2026<\/h2>\n\n\n<div class=\"wp-block-image\">\n<figure class=\"aligncenter size-large\"><a href=\"http:\/\/www.ordinacepraktickylekar.cz\/wp-content\/uploads\/2026\/04\/cz-kalendar-2026-04-duben-jmeniny.png\"><img loading=\"lazy\" decoding=\"async\" width=\"1024\" height=\"720\" src=\"http:\/\/www.ordinacepraktickylekar.cz\/wp-content\/uploads\/2026\/04\/cz-kalendar-2026-04-duben-jmeniny-1024x720.png\" alt=\"\" class=\"wp-image-775\" srcset=\"https:\/\/www.ordinacepraktickylekar.cz\/wp-content\/uploads\/2026\/04\/cz-kalendar-2026-04-duben-jmeniny-1024x720.png 1024w, https:\/\/www.ordinacepraktickylekar.cz\/wp-content\/uploads\/2026\/04\/cz-kalendar-2026-04-duben-jmeniny-300x211.png 300w, https:\/\/www.ordinacepraktickylekar.cz\/wp-content\/uploads\/2026\/04\/cz-kalendar-2026-04-duben-jmeniny-768x540.png 768w, https:\/\/www.ordinacepraktickylekar.cz\/wp-content\/uploads\/2026\/04\/cz-kalendar-2026-04-duben-jmeniny.png 1501w\" sizes=\"auto, (max-width: 1024px) 100vw, 1024px\" \/><\/a><\/figure>\n<\/div>\n\n\n<p>Z\u00e1stup je ur\u010den pro \u0159e\u0161en\u00ed <strong>neodkladn\u00fdch<\/strong> stav\u016f. Nen\u00ed ur\u010den pro \u0159e\u0161en\u00ed dlouhodob\u00fdch obt\u00ed\u017e\u00ed. Zastupuj\u00edc\u00ed l\u00e9ka\u0159 <strong>nem\u00e1<\/strong> k dispozici dokumentaci na\u0161ich pacient\u016f a nem\u016f\u017ee vykon\u00e1vat posudkovou \u010dinnost a vyd\u00e1vat v\u00fdpisy z dokumentace. Sv\u00e9 chronick\u00e9 <strong>l\u00e9ky<\/strong> si zajist\u011bte <strong>v\u010das<\/strong> v na\u0161\u00ed ordinaci.<\/p>\n","protected":false},"excerpt":{"rendered":"<p>PROVOZN\u00cd ZM\u011aNY &#8211; duben 2026:&#8211; aktu\u00e1ln\u011b nejsou v pl\u00e1nu \u017e\u00e1dn\u00e9 zm\u011bny ! UPOZORN\u011aN\u00cd &#8211; PROSBA:V\u00e1\u017een\u00ed pacienti, pros\u00edme V\u00e1s, abyste v dob\u011b od 7:00 do 8:00 NEVOLALI do ordinace ani na pevnou telefonn\u00ed linku, ani na mobiln\u00ed \u010d\u00edslo. V t\u00e9to dob\u011b prov\u00e1d\u00edme odb\u011bry a nezbytn\u00e9 dal\u0161\u00ed administrativn\u00ed \u00fakony a OPRAVDU nem\u00e1me \u010das zvedat telefony a vy\u0159izovat [&hellip;]<\/p>\n","protected":false},"author":1,"featured_media":0,"parent":0,"menu_order":0,"comment_status":"closed","ping_status":"closed","template":"","meta":{"footnotes":""},"class_list":["post-224","page","type-page","status-publish","hentry"],"_links":{"self":[{"href":"https:\/\/www.ordinacepraktickylekar.cz\/index.php?rest_route=\/wp\/v2\/pages\/224","targetHints":{"allow":["GET"]}}],"collection":[{"href":"https:\/\/www.ordinacepraktickylekar.cz\/index.php?rest_route=\/wp\/v2\/pages"}],"about":[{"href":"https:\/\/www.ordinacepraktickylekar.cz\/index.php?rest_route=\/wp\/v2\/types\/page"}],"author":[{"embeddable":true,"href":"https:\/\/www.ordinacepraktickylekar.cz\/index.php?rest_route=\/wp\/v2\/users\/1"}],"replies":[{"embeddable":true,"href":"https:\/\/www.ordinacepraktickylekar.cz\/index.php?rest_route=%2Fwp%2Fv2%2Fcomments&post=224"}],"version-history":[{"count":208,"href":"https:\/\/www.ordinacepraktickylekar.cz\/index.php?rest_route=\/wp\/v2\/pages\/224\/revisions"}],"predecessor-version":[{"id":779,"href":"https:\/\/www.ordinacepraktickylekar.cz\/index.php?rest_route=\/wp\/v2\/pages\/224\/revisions\/779"}],"wp:attachment":[{"href":"https:\/\/www.ordinacepraktickylekar.cz\/index.php?rest_route=%2Fwp%2Fv2%2Fmedia&parent=224"}],"curies":[{"name":"wp","href":"https:\/\/api.w.org\/{rel}","templated":true}]}}